{"id":150,"date":"2019-02-10T13:55:15","date_gmt":"2019-02-10T12:55:15","guid":{"rendered":"http:\/\/salle209.fr\/?page_id=150"},"modified":"2019-02-10T14:02:13","modified_gmt":"2019-02-10T13:02:13","slug":"formation-des-eco-delegues-2018-2019","status":"publish","type":"page","link":"https:\/\/salle209.fr\/?page_id=150","title":{"rendered":"Formation des \u00e9co-d\u00e9l\u00e9gu\u00e9s 2018-2019"},"content":{"rendered":"\n<p>Les \u00e9co-d\u00e9l\u00e9gu\u00e9s 2018-2019 ont profit\u00e9 d&rsquo;une animation-formation, \nlundi 3 d\u00e9cembre. Cet apr\u00e8s-midi a \u00e9t\u00e9 men\u00e9 par Starting-Block, une \nassociation provocatrice de solidarit\u00e9, par les jeunes pour les jeunes.<\/p>\n\n\n\n<figure class=\"wp-block-image\"><img decoding=\"async\" src=\"http:\/\/www.collegevictorhugocachan.com\/ADI\/files\/users\/emeline.porthe\/IMG_9190.JPG\" alt=\"\"\/><\/figure>\n\n\n\n<p>Ils ont \u00e9t\u00e9 accueillis par la griotte :<\/p>\n\n\n\n<figure class=\"wp-block-image\"><img decoding=\"async\" src=\"http:\/\/www.collegevictorhugocachan.com\/ADI\/files\/users\/emeline.porthe\/IMG_9202.JPG\" alt=\"\"\/><\/figure>\n\n\n\n<p>Les \u00e9co-d\u00e9l\u00e9gu\u00e9s \u00e9taient r\u00e9partis en quatre groupes pour d\u00e9couvrir les diff\u00e9rents p\u00f4les de travail d&rsquo;un village :<\/p>\n\n\n\n<p>&#8211; \u00e9ducation<\/p>\n\n\n\n<figure class=\"wp-block-image\"><img decoding=\"async\" src=\"http:\/\/www.collegevictorhugocachan.com\/ADI\/files\/users\/emeline.porthe\/IMG_9206.JPG\" alt=\"\"\/><\/figure>\n\n\n\n<figure class=\"wp-block-image\"><img decoding=\"async\" src=\"http:\/\/www.collegevictorhugocachan.com\/ADI\/files\/users\/emeline.porthe\/IMG_9228.JPG\" alt=\"\"\/><\/figure>\n\n\n\n<figure class=\"wp-block-image\"><img decoding=\"async\" src=\"http:\/\/www.collegevictorhugocachan.com\/ADI\/files\/users\/emeline.porthe\/Stand%20%C3%A9ducation%202.JPG\" alt=\"\"\/><\/figure>\n\n\n\n<figure class=\"wp-block-image\"><img decoding=\"async\" src=\"http:\/\/www.collegevictorhugocachan.com\/ADI\/files\/users\/emeline.porthe\/Stand%20%C3%A9ducation.JPG\" alt=\"\"\/><\/figure>\n\n\n\n<p>&#8211; commerce (n\u00e9gociation avec la t\u00e9fank\u00e9)<\/p>\n\n\n\n<figure class=\"wp-block-image\"><img decoding=\"async\" src=\"http:\/\/www.collegevictorhugocachan.com\/ADI\/files\/users\/emeline.porthe\/IMG_9209.JPG\" alt=\"\"\/><\/figure>\n\n\n\n<figure class=\"wp-block-image\"><img decoding=\"async\" src=\"http:\/\/www.collegevictorhugocachan.com\/ADI\/files\/users\/emeline.porthe\/IMG_9231.JPG\" alt=\"\"\/><\/figure>\n\n\n\n<p>&#8211; sant\u00e9<\/p>\n\n\n\n<figure class=\"wp-block-image\"><img decoding=\"async\" src=\"http:\/\/www.collegevictorhugocachan.com\/ADI\/files\/users\/emeline.porthe\/IMG_9232.JPG\" alt=\"\"\/><\/figure>\n\n\n\n<figure class=\"wp-block-image\"><img decoding=\"async\" src=\"http:\/\/www.collegevictorhugocachan.com\/ADI\/files\/users\/emeline.porthe\/IMG_9233.JPG\" alt=\"\"\/><\/figure>\n\n\n\n<p>&#8211; eau<\/p>\n\n\n\n<figure class=\"wp-block-image\"><img decoding=\"async\" src=\"http:\/\/www.collegevictorhugocachan.com\/ADI\/files\/users\/emeline.porthe\/IMG_9223.JPG\" alt=\"\"\/><\/figure>\n\n\n\n<figure class=\"wp-block-image\"><img decoding=\"async\" src=\"http:\/\/www.collegevictorhugocachan.com\/ADI\/files\/users\/emeline.porthe\/IMG_9211.JPG\" alt=\"\"\/><\/figure>\n\n\n\n<p>Au\n terme de ces ateliers, les \u00e9co-d\u00e9l\u00e9gu\u00e9s ont d\u00e9termin\u00e9 un projet par \nth\u00e9matique pour am\u00e9liorer la vie du village puis un projet prioritaire.<\/p>\n\n\n\n<figure class=\"wp-block-image\"><img decoding=\"async\" src=\"http:\/\/www.collegevictorhugocachan.com\/ADI\/files\/users\/emeline.porthe\/IMG_9192.JPG\" alt=\"\"\/><\/figure>\n\n\n\n<figure class=\"wp-block-image\"><img decoding=\"async\" src=\"http:\/\/www.collegevictorhugocachan.com\/ADI\/files\/users\/emeline.porthe\/IMG_9197.JPG\" alt=\"\"\/><\/figure>\n\n\n\n<figure class=\"wp-block-image\"><img decoding=\"async\" src=\"http:\/\/www.collegevictorhugocachan.com\/ADI\/files\/users\/emeline.porthe\/IMG_9194.JPG\" alt=\"\"\/><\/figure>\n\n\n\n<p>Les\n \u00e9co-d\u00e9l\u00e9gu\u00e9s avaient commenc\u00e9 \u00e0 r\u00e9fl\u00e9chir aux orientations de l&rsquo;ann\u00e9e, \ncette formation leur a donn\u00e9 de nouveaux \u00e9l\u00e9ments de r\u00e9flexion.<\/p>\n\n\n\n<p>Bravo et merci \u00e0 :Nina, Aya, Lucie, Ambre, Keylia, Cara, Bad\u00e9, Justin, Cyril, Lucie, Alexis, Lucie, Yasser, Jeanne, Manon, Luce, Louise, Aline.\n\n<\/p>\n","protected":false},"excerpt":{"rendered":"<p>Les \u00e9co-d\u00e9l\u00e9gu\u00e9s 2018-2019 ont profit\u00e9 d&rsquo;une animation-formation, lundi 3 d\u00e9cembre. Cet apr\u00e8s-midi a \u00e9t\u00e9 men\u00e9 par Starting-Block, une association provocatrice de solidarit\u00e9, par les jeunes pour les jeunes. Ils ont \u00e9t\u00e9 accueillis par la griotte : Les \u00e9co-d\u00e9l\u00e9gu\u00e9s \u00e9taient r\u00e9partis en quatre groupes pour d\u00e9couvrir les diff\u00e9rents p\u00f4les de travail\u2026 <a class=\"continue-reading-link\" href=\"https:\/\/salle209.fr\/?page_id=150\">Continue reading<\/a><\/p>\n","protected":false},"author":1,"featured_media":0,"parent":28,"menu_order":0,"comment_status":"closed","ping_status":"closed","template":"","meta":{"_et_pb_use_builder":"off","_et_pb_old_content":"","_et_gb_content_width":"","footnotes":""},"_links":{"self":[{"href":"https:\/\/salle209.fr\/index.php?rest_route=\/wp\/v2\/pages\/150"}],"collection":[{"href":"https:\/\/salle209.fr\/index.php?rest_route=\/wp\/v2\/pages"}],"about":[{"href":"https:\/\/salle209.fr\/index.php?rest_route=\/wp\/v2\/types\/page"}],"author":[{"embeddable":true,"href":"https:\/\/salle209.fr\/index.php?rest_route=\/wp\/v2\/users\/1"}],"replies":[{"embeddable":true,"href":"https:\/\/salle209.fr\/index.php?rest_route=%2Fwp%2Fv2%2Fcomments&post=150"}],"version-history":[{"count":2,"href":"https:\/\/salle209.fr\/index.php?rest_route=\/wp\/v2\/pages\/150\/revisions"}],"predecessor-version":[{"id":154,"href":"https:\/\/salle209.fr\/index.php?rest_route=\/wp\/v2\/pages\/150\/revisions\/154"}],"up":[{"embeddable":true,"href":"https:\/\/salle209.fr\/index.php?rest_route=\/wp\/v2\/pages\/28"}],"wp:attachment":[{"href":"https:\/\/salle209.fr\/index.php?rest_route=%2Fwp%2Fv2%2Fmedia&parent=150"}],"curies":[{"name":"wp","href":"https:\/\/api.w.org\/{rel}","templated":true}]}}