{"id":291,"date":"2019-02-10T15:09:50","date_gmt":"2019-02-10T14:09:50","guid":{"rendered":"http:\/\/salle209.fr\/?page_id=291"},"modified":"2019-02-10T15:13:58","modified_gmt":"2019-02-10T14:13:58","slug":"sentrainer-a-accorder-les-adjectifs-au-feminin","status":"publish","type":"page","link":"https:\/\/salle209.fr\/?page_id=291","title":{"rendered":"S&rsquo;entra\u00eener \u00e0 accorder les adjectifs au f\u00e9minin"},"content":{"rendered":"\n<figure class=\"wp-block-embed is-type-rich is-provider-learningapps-org\"><div class=\"wp-block-embed__wrapper\">\n<iframe class=\"wp-embedded-content\" sandbox=\"allow-scripts\" security=\"restricted\" src=\"http:\/\/LearningApps.org\/watch?id=p5c85zhw217#?secret=K6YY4bhufu\" data-secret=\"K6YY4bhufu\" frameborder=\"0\" width=\"950\" height=\"500\"><\/iframe>\n<\/div><\/figure>\n","protected":false},"excerpt":{"rendered":"<p> <a class=\"continue-reading-link\" href=\"https:\/\/salle209.fr\/?page_id=291\">Continue reading<\/a><\/p>\n","protected":false},"author":1,"featured_media":0,"parent":295,"menu_order":0,"comment_status":"closed","ping_status":"closed","template":"","meta":{"_et_pb_use_builder":"off","_et_pb_old_content":"","_et_gb_content_width":"","footnotes":""},"_links":{"self":[{"href":"https:\/\/salle209.fr\/index.php?rest_route=\/wp\/v2\/pages\/291"}],"collection":[{"href":"https:\/\/salle209.fr\/index.php?rest_route=\/wp\/v2\/pages"}],"about":[{"href":"https:\/\/salle209.fr\/index.php?rest_route=\/wp\/v2\/types\/page"}],"author":[{"embeddable":true,"href":"https:\/\/salle209.fr\/index.php?rest_route=\/wp\/v2\/users\/1"}],"replies":[{"embeddable":true,"href":"https:\/\/salle209.fr\/index.php?rest_route=%2Fwp%2Fv2%2Fcomments&post=291"}],"version-history":[{"count":1,"href":"https:\/\/salle209.fr\/index.php?rest_route=\/wp\/v2\/pages\/291\/revisions"}],"predecessor-version":[{"id":292,"href":"https:\/\/salle209.fr\/index.php?rest_route=\/wp\/v2\/pages\/291\/revisions\/292"}],"up":[{"embeddable":true,"href":"https:\/\/salle209.fr\/index.php?rest_route=\/wp\/v2\/pages\/295"}],"wp:attachment":[{"href":"https:\/\/salle209.fr\/index.php?rest_route=%2Fwp%2Fv2%2Fmedia&parent=291"}],"curies":[{"name":"wp","href":"https:\/\/api.w.org\/{rel}","templated":true}]}}