{"id":299,"date":"2019-02-10T16:13:04","date_gmt":"2019-02-10T15:13:04","guid":{"rendered":"http:\/\/salle209.fr\/?page_id=299"},"modified":"2019-02-10T16:29:06","modified_gmt":"2019-02-10T15:29:06","slug":"sentrainer-a-conjuguer-au-present-de-lindicatif","status":"publish","type":"page","link":"https:\/\/salle209.fr\/?page_id=299","title":{"rendered":"S&rsquo;entra\u00eener \u00e0 conjuguer au pr\u00e9sent de l&rsquo;indicatif"},"content":{"rendered":"\n<figure class=\"wp-block-embed is-type-rich is-provider-learningapps-org\"><div class=\"wp-block-embed__wrapper\">\n<iframe class=\"wp-embedded-content\" sandbox=\"allow-scripts\" security=\"restricted\" src=\"http:\/\/LearningApps.org\/watch?id=p5wxy3s0j17#?secret=6Qs9gCT7b1\" data-secret=\"6Qs9gCT7b1\" frameborder=\"0\" width=\"950\" height=\"500\"><\/iframe>\n<\/div><\/figure>\n\n\n\n<figure class=\"wp-block-embed is-type-rich is-provider-learningapps-org\"><div class=\"wp-block-embed__wrapper\">\n<iframe class=\"wp-embedded-content\" sandbox=\"allow-scripts\" security=\"restricted\" src=\"http:\/\/LearningApps.org\/watch?id=pdsah9dhk17#?secret=jZ7w8IafVE\" data-secret=\"jZ7w8IafVE\" frameborder=\"0\" width=\"950\" height=\"500\"><\/iframe>\n<\/div><\/figure>\n\n\n\n<figure class=\"wp-block-embed is-type-rich is-provider-learningapps-org\"><div class=\"wp-block-embed__wrapper\">\n<iframe class=\"wp-embedded-content\" sandbox=\"allow-scripts\" security=\"restricted\" src=\"http:\/\/LearningApps.org\/watch?id=pxj37d11c16#?secret=6O4Y2L5fyD\" data-secret=\"6O4Y2L5fyD\" frameborder=\"0\" width=\"950\" height=\"500\"><\/iframe>\n<\/div><\/figure>\n","protected":false},"excerpt":{"rendered":"<p> <a class=\"continue-reading-link\" href=\"https:\/\/salle209.fr\/?page_id=299\">Continue reading<\/a><\/p>\n","protected":false},"author":1,"featured_media":0,"parent":313,"menu_order":0,"comment_status":"closed","ping_status":"closed","template":"","meta":{"_et_pb_use_builder":"off","_et_pb_old_content":"","_et_gb_content_width":"","footnotes":""},"_links":{"self":[{"href":"https:\/\/salle209.fr\/index.php?rest_route=\/wp\/v2\/pages\/299"}],"collection":[{"href":"https:\/\/salle209.fr\/index.php?rest_route=\/wp\/v2\/pages"}],"about":[{"href":"https:\/\/salle209.fr\/index.php?rest_route=\/wp\/v2\/types\/page"}],"author":[{"embeddable":true,"href":"https:\/\/salle209.fr\/index.php?rest_route=\/wp\/v2\/users\/1"}],"replies":[{"embeddable":true,"href":"https:\/\/salle209.fr\/index.php?rest_route=%2Fwp%2Fv2%2Fcomments&post=299"}],"version-history":[{"count":3,"href":"https:\/\/salle209.fr\/index.php?rest_route=\/wp\/v2\/pages\/299\/revisions"}],"predecessor-version":[{"id":312,"href":"https:\/\/salle209.fr\/index.php?rest_route=\/wp\/v2\/pages\/299\/revisions\/312"}],"up":[{"embeddable":true,"href":"https:\/\/salle209.fr\/index.php?rest_route=\/wp\/v2\/pages\/313"}],"wp:attachment":[{"href":"https:\/\/salle209.fr\/index.php?rest_route=%2Fwp%2Fv2%2Fmedia&parent=299"}],"curies":[{"name":"wp","href":"https:\/\/api.w.org\/{rel}","templated":true}]}}