{"id":301,"date":"2019-02-10T16:14:22","date_gmt":"2019-02-10T15:14:22","guid":{"rendered":"http:\/\/salle209.fr\/?page_id=301"},"modified":"2019-02-10T16:29:21","modified_gmt":"2019-02-10T15:29:21","slug":"sentrainer-a-conjuguer-au-passe-compose","status":"publish","type":"page","link":"https:\/\/salle209.fr\/?page_id=301","title":{"rendered":"S&rsquo;entra\u00eener \u00e0 conjuguer au pass\u00e9 compos\u00e9"},"content":{"rendered":"\n<figure class=\"wp-block-embed is-type-rich is-provider-learningapps-org\"><div class=\"wp-block-embed__wrapper\">\n<iframe class=\"wp-embedded-content\" sandbox=\"allow-scripts\" security=\"restricted\" src=\"http:\/\/LearningApps.org\/watch?id=p4h6f2ikk17#?secret=aPd6seZPbL\" data-secret=\"aPd6seZPbL\" frameborder=\"0\" width=\"950\" height=\"500\"><\/iframe>\n<\/div><\/figure>\n","protected":false},"excerpt":{"rendered":"<p> <a class=\"continue-reading-link\" href=\"https:\/\/salle209.fr\/?page_id=301\">Continue reading<\/a><\/p>\n","protected":false},"author":1,"featured_media":0,"parent":313,"menu_order":0,"comment_status":"closed","ping_status":"closed","template":"","meta":{"_et_pb_use_builder":"off","_et_pb_old_content":"","_et_gb_content_width":"","footnotes":""},"_links":{"self":[{"href":"https:\/\/salle209.fr\/index.php?rest_route=\/wp\/v2\/pages\/301"}],"collection":[{"href":"https:\/\/salle209.fr\/index.php?rest_route=\/wp\/v2\/pages"}],"about":[{"href":"https:\/\/salle209.fr\/index.php?rest_route=\/wp\/v2\/types\/page"}],"author":[{"embeddable":true,"href":"https:\/\/salle209.fr\/index.php?rest_route=\/wp\/v2\/users\/1"}],"replies":[{"embeddable":true,"href":"https:\/\/salle209.fr\/index.php?rest_route=%2Fwp%2Fv2%2Fcomments&post=301"}],"version-history":[{"count":1,"href":"https:\/\/salle209.fr\/index.php?rest_route=\/wp\/v2\/pages\/301\/revisions"}],"predecessor-version":[{"id":302,"href":"https:\/\/salle209.fr\/index.php?rest_route=\/wp\/v2\/pages\/301\/revisions\/302"}],"up":[{"embeddable":true,"href":"https:\/\/salle209.fr\/index.php?rest_route=\/wp\/v2\/pages\/313"}],"wp:attachment":[{"href":"https:\/\/salle209.fr\/index.php?rest_route=%2Fwp%2Fv2%2Fmedia&parent=301"}],"curies":[{"name":"wp","href":"https:\/\/api.w.org\/{rel}","templated":true}]}}