{"id":303,"date":"2019-02-10T16:15:01","date_gmt":"2019-02-10T15:15:01","guid":{"rendered":"http:\/\/salle209.fr\/?page_id=303"},"modified":"2019-02-10T16:29:33","modified_gmt":"2019-02-10T15:29:33","slug":"sentrainer-a-conjuguer-au-passe-simple","status":"publish","type":"page","link":"https:\/\/salle209.fr\/?page_id=303","title":{"rendered":"S&rsquo;entra\u00eener \u00e0 conjuguer au pass\u00e9 simple"},"content":{"rendered":"\n<figure class=\"wp-block-embed is-type-rich is-provider-learningapps-org\"><div class=\"wp-block-embed__wrapper\">\n<iframe class=\"wp-embedded-content\" sandbox=\"allow-scripts\" security=\"restricted\" src=\"http:\/\/LearningApps.org\/watch?id=ptwwpwhvk16#?secret=CV2ii7G8pT\" data-secret=\"CV2ii7G8pT\" frameborder=\"0\" width=\"950\" height=\"500\"><\/iframe>\n<\/div><\/figure>\n","protected":false},"excerpt":{"rendered":"<p> <a class=\"continue-reading-link\" href=\"https:\/\/salle209.fr\/?page_id=303\">Continue reading<\/a><\/p>\n","protected":false},"author":1,"featured_media":0,"parent":313,"menu_order":0,"comment_status":"closed","ping_status":"closed","template":"","meta":{"_et_pb_use_builder":"off","_et_pb_old_content":"","_et_gb_content_width":"","footnotes":""},"_links":{"self":[{"href":"https:\/\/salle209.fr\/index.php?rest_route=\/wp\/v2\/pages\/303"}],"collection":[{"href":"https:\/\/salle209.fr\/index.php?rest_route=\/wp\/v2\/pages"}],"about":[{"href":"https:\/\/salle209.fr\/index.php?rest_route=\/wp\/v2\/types\/page"}],"author":[{"embeddable":true,"href":"https:\/\/salle209.fr\/index.php?rest_route=\/wp\/v2\/users\/1"}],"replies":[{"embeddable":true,"href":"https:\/\/salle209.fr\/index.php?rest_route=%2Fwp%2Fv2%2Fcomments&post=303"}],"version-history":[{"count":1,"href":"https:\/\/salle209.fr\/index.php?rest_route=\/wp\/v2\/pages\/303\/revisions"}],"predecessor-version":[{"id":304,"href":"https:\/\/salle209.fr\/index.php?rest_route=\/wp\/v2\/pages\/303\/revisions\/304"}],"up":[{"embeddable":true,"href":"https:\/\/salle209.fr\/index.php?rest_route=\/wp\/v2\/pages\/313"}],"wp:attachment":[{"href":"https:\/\/salle209.fr\/index.php?rest_route=%2Fwp%2Fv2%2Fmedia&parent=303"}],"curies":[{"name":"wp","href":"https:\/\/api.w.org\/{rel}","templated":true}]}}