{"id":350,"date":"2020-04-08T13:25:46","date_gmt":"2020-04-08T11:25:46","guid":{"rendered":"http:\/\/salle209.fr\/?page_id=350"},"modified":"2020-04-08T13:25:46","modified_gmt":"2020-04-08T11:25:46","slug":"linstagram-du-club-ecolo-et-des-eco-delegues","status":"publish","type":"page","link":"https:\/\/salle209.fr\/?page_id=350","title":{"rendered":"L&rsquo;instagram du club \u00e9colo et des \u00e9co-d\u00e9l\u00e9gu\u00e9s"},"content":{"rendered":"\n<figure class=\"wp-block-gallery columns-3 is-cropped wp-block-gallery-1 is-layout-flex wp-block-gallery-is-layout-flex\"><ul class=\"blocks-gallery-grid\"><li class=\"blocks-gallery-item\"><figure><img loading=\"lazy\" decoding=\"async\" width=\"1024\" height=\"768\" src=\"http:\/\/salle209.fr\/wp-content\/uploads\/2020\/03\/IMG_1013-1024x768.jpg\" alt=\"\" data-id=\"341\" data-link=\"http:\/\/salle209.fr\/?attachment_id=341\" class=\"wp-image-341\" srcset=\"https:\/\/salle209.fr\/wp-content\/uploads\/2020\/03\/IMG_1013-1024x768.jpg 1024w, https:\/\/salle209.fr\/wp-content\/uploads\/2020\/03\/IMG_1013-300x225.jpg 300w, https:\/\/salle209.fr\/wp-content\/uploads\/2020\/03\/IMG_1013-768x576.jpg 768w, https:\/\/salle209.fr\/wp-content\/uploads\/2020\/03\/IMG_1013-467x350.jpg 467w, https:\/\/salle209.fr\/wp-content\/uploads\/2020\/03\/IMG_1013-510x382.jpg 510w, https:\/\/salle209.fr\/wp-content\/uploads\/2020\/03\/IMG_1013-1080x810.jpg 1080w, https:\/\/salle209.fr\/wp-content\/uploads\/2020\/03\/IMG_1013-150x113.jpg 150w\" sizes=\"(max-width: 1024px) 100vw, 1024px\" \/><\/figure><\/li><li class=\"blocks-gallery-item\"><figure><img loading=\"lazy\" decoding=\"async\" width=\"1024\" height=\"1024\" src=\"http:\/\/salle209.fr\/wp-content\/uploads\/2020\/03\/ICVZ9834-1024x1024.jpg\" alt=\"\" data-id=\"342\" data-link=\"http:\/\/salle209.fr\/?attachment_id=342\" class=\"wp-image-342\" srcset=\"https:\/\/salle209.fr\/wp-content\/uploads\/2020\/03\/ICVZ9834-1024x1024.jpg 1024w, https:\/\/salle209.fr\/wp-content\/uploads\/2020\/03\/ICVZ9834-150x150.jpg 150w, https:\/\/salle209.fr\/wp-content\/uploads\/2020\/03\/ICVZ9834-300x300.jpg 300w, https:\/\/salle209.fr\/wp-content\/uploads\/2020\/03\/ICVZ9834-768x768.jpg 768w, https:\/\/salle209.fr\/wp-content\/uploads\/2020\/03\/ICVZ9834-350x350.jpg 350w, https:\/\/salle209.fr\/wp-content\/uploads\/2020\/03\/ICVZ9834-1080x1080.jpg 1080w, https:\/\/salle209.fr\/wp-content\/uploads\/2020\/03\/ICVZ9834.jpg 1440w\" sizes=\"(max-width: 1024px) 100vw, 1024px\" \/><\/figure><\/li><li class=\"blocks-gallery-item\"><figure><img loading=\"lazy\" decoding=\"async\" width=\"768\" height=\"1024\" src=\"http:\/\/salle209.fr\/wp-content\/uploads\/2020\/03\/IMG_0078-768x1024.jpg\" alt=\"\" data-id=\"344\" data-link=\"http:\/\/salle209.fr\/?attachment_id=344\" class=\"wp-image-344\" srcset=\"https:\/\/salle209.fr\/wp-content\/uploads\/2020\/03\/IMG_0078-768x1024.jpg 768w, https:\/\/salle209.fr\/wp-content\/uploads\/2020\/03\/IMG_0078-225x300.jpg 225w, https:\/\/salle209.fr\/wp-content\/uploads\/2020\/03\/IMG_0078-263x350.jpg 263w, https:\/\/salle209.fr\/wp-content\/uploads\/2020\/03\/IMG_0078-1080x1440.jpg 1080w, https:\/\/salle209.fr\/wp-content\/uploads\/2020\/03\/IMG_0078-113x150.jpg 113w, https:\/\/salle209.fr\/wp-content\/uploads\/2020\/03\/IMG_0078.jpg 1200w\" sizes=\"(max-width: 768px) 100vw, 768px\" \/><\/figure><\/li><\/ul><\/figure>\n\n\n\n<p>Vous pouvez suivre les tribulations, les projets et les id\u00e9es des \u00e9co-d\u00e9l\u00e9gu\u00e9s et des membres du club \u00e9colo sur instagram : <a href=\"https:\/\/www.instagram.com\/clubecolovh\/\">https:\/\/www.instagram.com\/clubecolovh\/<\/a> Si vous n&rsquo;avez pas de compte instagram, cliquez sur le lien \u00e0 partir d&rsquo;un ordinateur.<\/p>\n","protected":false},"excerpt":{"rendered":"<p>Vous pouvez suivre les tribulations, les projets et les id\u00e9es des \u00e9co-d\u00e9l\u00e9gu\u00e9s et des membres du club \u00e9colo sur instagram : https:\/\/www.instagram.com\/clubecolovh\/ Si vous n&rsquo;avez pas de compte instagram, cliquez sur le lien \u00e0 partir d&rsquo;un ordinateur. <a class=\"continue-reading-link\" href=\"https:\/\/salle209.fr\/?page_id=350\">Continue reading<\/a><\/p>\n","protected":false},"author":1,"featured_media":0,"parent":30,"menu_order":0,"comment_status":"closed","ping_status":"closed","template":"","meta":{"_et_pb_use_builder":"off","_et_pb_old_content":"","_et_gb_content_width":"","footnotes":""},"_links":{"self":[{"href":"https:\/\/salle209.fr\/index.php?rest_route=\/wp\/v2\/pages\/350"}],"collection":[{"href":"https:\/\/salle209.fr\/index.php?rest_route=\/wp\/v2\/pages"}],"about":[{"href":"https:\/\/salle209.fr\/index.php?rest_route=\/wp\/v2\/types\/page"}],"author":[{"embeddable":true,"href":"https:\/\/salle209.fr\/index.php?rest_route=\/wp\/v2\/users\/1"}],"replies":[{"embeddable":true,"href":"https:\/\/salle209.fr\/index.php?rest_route=%2Fwp%2Fv2%2Fcomments&post=350"}],"version-history":[{"count":2,"href":"https:\/\/salle209.fr\/index.php?rest_route=\/wp\/v2\/pages\/350\/revisions"}],"predecessor-version":[{"id":352,"href":"https:\/\/salle209.fr\/index.php?rest_route=\/wp\/v2\/pages\/350\/revisions\/352"}],"up":[{"embeddable":true,"href":"https:\/\/salle209.fr\/index.php?rest_route=\/wp\/v2\/pages\/30"}],"wp:attachment":[{"href":"https:\/\/salle209.fr\/index.php?rest_route=%2Fwp%2Fv2%2Fmedia&parent=350"}],"curies":[{"name":"wp","href":"https:\/\/api.w.org\/{rel}","templated":true}]}}