{"id":408,"date":"2021-02-25T16:09:58","date_gmt":"2021-02-25T15:09:58","guid":{"rendered":"http:\/\/salle209.fr\/?page_id=408"},"modified":"2021-02-25T16:09:58","modified_gmt":"2021-02-25T15:09:58","slug":"differencier-nature-et-fonction","status":"publish","type":"page","link":"https:\/\/salle209.fr\/?page_id=408","title":{"rendered":"Diff\u00e9rencier nature et fonction"},"content":{"rendered":"\n<figure class=\"wp-block-video\"><video controls src=\"http:\/\/salle209.fr\/wp-content\/uploads\/2021\/02\/Nature-et-fonction-1.mp4\"><\/video><\/figure>\n\n\n\n<p>Bonjour mes \u00e9l\u00e8ves,<\/p>\n\n\n\n<p>Voici une capsule pour diff\u00e9rencier nature et fonction.<\/p>\n\n\n\n<p>Bonne journ\u00e9e.<\/p>\n\n\n\n<p>Mme Porth\u00e9.<\/p>\n","protected":false},"excerpt":{"rendered":"<p>Bonjour mes \u00e9l\u00e8ves, Voici une capsule pour diff\u00e9rencier nature et fonction. Bonne journ\u00e9e. Mme Porth\u00e9. <a class=\"continue-reading-link\" href=\"https:\/\/salle209.fr\/?page_id=408\">Continue reading<\/a><\/p>\n","protected":false},"author":1,"featured_media":0,"parent":383,"menu_order":0,"comment_status":"closed","ping_status":"closed","template":"","meta":{"_et_pb_use_builder":"off","_et_pb_old_content":"","_et_gb_content_width":"","footnotes":""},"_links":{"self":[{"href":"https:\/\/salle209.fr\/index.php?rest_route=\/wp\/v2\/pages\/408"}],"collection":[{"href":"https:\/\/salle209.fr\/index.php?rest_route=\/wp\/v2\/pages"}],"about":[{"href":"https:\/\/salle209.fr\/index.php?rest_route=\/wp\/v2\/types\/page"}],"author":[{"embeddable":true,"href":"https:\/\/salle209.fr\/index.php?rest_route=\/wp\/v2\/users\/1"}],"replies":[{"embeddable":true,"href":"https:\/\/salle209.fr\/index.php?rest_route=%2Fwp%2Fv2%2Fcomments&post=408"}],"version-history":[{"count":2,"href":"https:\/\/salle209.fr\/index.php?rest_route=\/wp\/v2\/pages\/408\/revisions"}],"predecessor-version":[{"id":412,"href":"https:\/\/salle209.fr\/index.php?rest_route=\/wp\/v2\/pages\/408\/revisions\/412"}],"up":[{"embeddable":true,"href":"https:\/\/salle209.fr\/index.php?rest_route=\/wp\/v2\/pages\/383"}],"wp:attachment":[{"href":"https:\/\/salle209.fr\/index.php?rest_route=%2Fwp%2Fv2%2Fmedia&parent=408"}],"curies":[{"name":"wp","href":"https:\/\/api.w.org\/{rel}","templated":true}]}}