{"id":419,"date":"2021-02-25T16:21:11","date_gmt":"2021-02-25T15:21:11","guid":{"rendered":"http:\/\/salle209.fr\/?page_id=419"},"modified":"2021-02-25T16:24:54","modified_gmt":"2021-02-25T15:24:54","slug":"les-expansions-du-nom","status":"publish","type":"page","link":"https:\/\/salle209.fr\/?page_id=419","title":{"rendered":"Les expansions du nom"},"content":{"rendered":"\n<p>Bonjour mes \u00e9l\u00e8ves,<\/p>\n\n\n\n<p>Je vous ai pr\u00e9par\u00e9 deux capsules pour r\u00e9\u00e9couter les explications et l&rsquo;application sur un exemple.<\/p>\n\n\n\n<p>Bonne journ\u00e9e.<\/p>\n\n\n\n<p>Mme Porth\u00e9.<\/p>\n\n\n\n<figure class=\"wp-block-video\"><video controls src=\"http:\/\/salle209.fr\/wp-content\/uploads\/2020\/12\/Expansions-du-nom.mp4\"><\/video><\/figure>\n\n\n\n<figure class=\"wp-block-video\"><video controls src=\"http:\/\/salle209.fr\/wp-content\/uploads\/2021\/02\/Expansions-du-nom-Exemple.mp4\"><\/video><\/figure>\n","protected":false},"excerpt":{"rendered":"<p>Bonjour mes \u00e9l\u00e8ves, Je vous ai pr\u00e9par\u00e9 deux capsules pour r\u00e9\u00e9couter les explications et l&rsquo;application sur un exemple. Bonne journ\u00e9e. Mme Porth\u00e9. <a class=\"continue-reading-link\" href=\"https:\/\/salle209.fr\/?page_id=419\">Continue reading<\/a><\/p>\n","protected":false},"author":1,"featured_media":0,"parent":421,"menu_order":0,"comment_status":"closed","ping_status":"closed","template":"","meta":{"_et_pb_use_builder":"off","_et_pb_old_content":"","_et_gb_content_width":"","footnotes":""},"_links":{"self":[{"href":"https:\/\/salle209.fr\/index.php?rest_route=\/wp\/v2\/pages\/419"}],"collection":[{"href":"https:\/\/salle209.fr\/index.php?rest_route=\/wp\/v2\/pages"}],"about":[{"href":"https:\/\/salle209.fr\/index.php?rest_route=\/wp\/v2\/types\/page"}],"author":[{"embeddable":true,"href":"https:\/\/salle209.fr\/index.php?rest_route=\/wp\/v2\/users\/1"}],"replies":[{"embeddable":true,"href":"https:\/\/salle209.fr\/index.php?rest_route=%2Fwp%2Fv2%2Fcomments&post=419"}],"version-history":[{"count":2,"href":"https:\/\/salle209.fr\/index.php?rest_route=\/wp\/v2\/pages\/419\/revisions"}],"predecessor-version":[{"id":426,"href":"https:\/\/salle209.fr\/index.php?rest_route=\/wp\/v2\/pages\/419\/revisions\/426"}],"up":[{"embeddable":true,"href":"https:\/\/salle209.fr\/index.php?rest_route=\/wp\/v2\/pages\/421"}],"wp:attachment":[{"href":"https:\/\/salle209.fr\/index.php?rest_route=%2Fwp%2Fv2%2Fmedia&parent=419"}],"curies":[{"name":"wp","href":"https:\/\/api.w.org\/{rel}","templated":true}]}}