{"id":427,"date":"2021-02-25T16:27:40","date_gmt":"2021-02-25T15:27:40","guid":{"rendered":"http:\/\/salle209.fr\/?page_id=427"},"modified":"2021-02-25T16:27:40","modified_gmt":"2021-02-25T15:27:40","slug":"nature-et-fonction","status":"publish","type":"page","link":"https:\/\/salle209.fr\/?page_id=427","title":{"rendered":"Nature et fonction"},"content":{"rendered":"\n<p>Bonjour,<\/p>\n\n\n\n<p>Voici une capsule pour diff\u00e9rencier la nature et la fonction.<\/p>\n\n\n\n<p>Bonne journ\u00e9e.<\/p>\n\n\n\n<p>Mme Porth\u00e9<\/p>\n\n\n\n<figure class=\"wp-block-video\"><video controls src=\"http:\/\/salle209.fr\/wp-content\/uploads\/2021\/02\/Nature-et-fonction.mp4\"><\/video><\/figure>\n","protected":false},"excerpt":{"rendered":"<p>Bonjour, Voici une capsule pour diff\u00e9rencier la nature et la fonction. Bonne journ\u00e9e. Mme Porth\u00e9 <a class=\"continue-reading-link\" href=\"https:\/\/salle209.fr\/?page_id=427\">Continue reading<\/a><\/p>\n","protected":false},"author":1,"featured_media":0,"parent":421,"menu_order":0,"comment_status":"closed","ping_status":"closed","template":"","meta":{"_et_pb_use_builder":"off","_et_pb_old_content":"","_et_gb_content_width":"","footnotes":""},"_links":{"self":[{"href":"https:\/\/salle209.fr\/index.php?rest_route=\/wp\/v2\/pages\/427"}],"collection":[{"href":"https:\/\/salle209.fr\/index.php?rest_route=\/wp\/v2\/pages"}],"about":[{"href":"https:\/\/salle209.fr\/index.php?rest_route=\/wp\/v2\/types\/page"}],"author":[{"embeddable":true,"href":"https:\/\/salle209.fr\/index.php?rest_route=\/wp\/v2\/users\/1"}],"replies":[{"embeddable":true,"href":"https:\/\/salle209.fr\/index.php?rest_route=%2Fwp%2Fv2%2Fcomments&post=427"}],"version-history":[{"count":1,"href":"https:\/\/salle209.fr\/index.php?rest_route=\/wp\/v2\/pages\/427\/revisions"}],"predecessor-version":[{"id":428,"href":"https:\/\/salle209.fr\/index.php?rest_route=\/wp\/v2\/pages\/427\/revisions\/428"}],"up":[{"embeddable":true,"href":"https:\/\/salle209.fr\/index.php?rest_route=\/wp\/v2\/pages\/421"}],"wp:attachment":[{"href":"https:\/\/salle209.fr\/index.php?rest_route=%2Fwp%2Fv2%2Fmedia&parent=427"}],"curies":[{"name":"wp","href":"https:\/\/api.w.org\/{rel}","templated":true}]}}