{"id":442,"date":"2021-04-25T21:09:18","date_gmt":"2021-04-25T19:09:18","guid":{"rendered":"http:\/\/salle209.fr\/?page_id=442"},"modified":"2021-04-25T21:09:18","modified_gmt":"2021-04-25T19:09:18","slug":"cyrano-de-bergerac-edmond-rostand","status":"publish","type":"page","link":"https:\/\/salle209.fr\/?page_id=442","title":{"rendered":"Cyrano de Bergerac, Edmond Rostand"},"content":{"rendered":"\n<figure class=\"wp-block-embed-youtube wp-block-embed is-type-video is-provider-youtube wp-embed-aspect-16-9 wp-has-aspect-ratio\"><div class=\"wp-block-embed__wrapper\">\n<iframe loading=\"lazy\" title=\"Cyrano de Bergerac #EdmondRostand\" width=\"920\" height=\"518\" src=\"https:\/\/www.youtube.com\/embed\/qEoe1GMgmTI?start=2053&#038;feature=oembed\" frameborder=\"0\" allow=\"accelerometer; autoplay; clipboard-write; encrypted-media; gyroscope; picture-in-picture\" allowfullscreen><\/iframe>\n<\/div><\/figure>\n\n\n\n<figure class=\"wp-block-embed-youtube wp-block-embed is-type-video is-provider-youtube wp-embed-aspect-16-9 wp-has-aspect-ratio\"><div class=\"wp-block-embed__wrapper\">\n<iframe loading=\"lazy\" title=\"Cyrano de Bergerac - Edmond Rostand\" width=\"920\" height=\"518\" src=\"https:\/\/www.youtube.com\/embed\/fVzGpy-r2KA?feature=oembed\" frameborder=\"0\" allow=\"accelerometer; autoplay; clipboard-write; encrypted-media; gyroscope; picture-in-picture\" allowfullscreen><\/iframe>\n<\/div><\/figure>\n\n\n\n<p>Bonjour,<\/p>\n\n\n\n<p>Vous pouvez regarder la pi\u00e8ce, \u00e9couter le texte ou les deux.<\/p>\n\n\n\n<p>Bon spectacle!<\/p>\n\n\n\n<p>Mme Porth\u00e9.<\/p>\n","protected":false},"excerpt":{"rendered":"<p>Bonjour, Vous pouvez regarder la pi\u00e8ce, \u00e9couter le texte ou les deux. Bon spectacle! Mme Porth\u00e9. <a class=\"continue-reading-link\" href=\"https:\/\/salle209.fr\/?page_id=442\">Continue reading<\/a><\/p>\n","protected":false},"author":1,"featured_media":0,"parent":394,"menu_order":0,"comment_status":"closed","ping_status":"closed","template":"","meta":{"_et_pb_use_builder":"off","_et_pb_old_content":"","_et_gb_content_width":"","footnotes":""},"_links":{"self":[{"href":"https:\/\/salle209.fr\/index.php?rest_route=\/wp\/v2\/pages\/442"}],"collection":[{"href":"https:\/\/salle209.fr\/index.php?rest_route=\/wp\/v2\/pages"}],"about":[{"href":"https:\/\/salle209.fr\/index.php?rest_route=\/wp\/v2\/types\/page"}],"author":[{"embeddable":true,"href":"https:\/\/salle209.fr\/index.php?rest_route=\/wp\/v2\/users\/1"}],"replies":[{"embeddable":true,"href":"https:\/\/salle209.fr\/index.php?rest_route=%2Fwp%2Fv2%2Fcomments&post=442"}],"version-history":[{"count":1,"href":"https:\/\/salle209.fr\/index.php?rest_route=\/wp\/v2\/pages\/442\/revisions"}],"predecessor-version":[{"id":443,"href":"https:\/\/salle209.fr\/index.php?rest_route=\/wp\/v2\/pages\/442\/revisions\/443"}],"up":[{"embeddable":true,"href":"https:\/\/salle209.fr\/index.php?rest_route=\/wp\/v2\/pages\/394"}],"wp:attachment":[{"href":"https:\/\/salle209.fr\/index.php?rest_route=%2Fwp%2Fv2%2Fmedia&parent=442"}],"curies":[{"name":"wp","href":"https:\/\/api.w.org\/{rel}","templated":true}]}}