{"id":456,"date":"2021-05-24T12:52:16","date_gmt":"2021-05-24T10:52:16","guid":{"rendered":"http:\/\/salle209.fr\/?page_id=456"},"modified":"2021-05-24T12:52:16","modified_gmt":"2021-05-24T10:52:16","slug":"balade-poetique-dans-la-nature-2","status":"publish","type":"page","link":"https:\/\/salle209.fr\/?page_id=456","title":{"rendered":"Balade po\u00e9tique dans la nature"},"content":{"rendered":"\n<p>Bonjour \u00e0 toutes et tous,<\/p>\n\n\n\n<p>Bienvenue dans cette promenade po\u00e9tique, pr\u00e9sent\u00e9e par les 4\u00e8mesD et les 5\u00e8mesA du coll\u00e8ge Victor Hugo de Cachan.<\/p>\n\n\n\n<p>Vous pourrez y entendre des quatrains en octosyllabes, des acrostiches (lorsque les premi\u00e8res lettres de chaque vers forment un mot \u00e0 la verticale), des calligrammes (un po\u00e8me qui prend la forme de son th\u00e8me), des po\u00e8mes en avalanche (chaque vers contient un mot plus grand que le pr\u00e9c\u00e9dent), des slams.<\/p>\n\n\n\n<p>Nous esp\u00e9rons que vous appr\u00e9cierez.<\/p>\n","protected":false},"excerpt":{"rendered":"<p>Bonjour \u00e0 toutes et tous, Bienvenue dans cette promenade po\u00e9tique, pr\u00e9sent\u00e9e par les 4\u00e8mesD et les 5\u00e8mesA du coll\u00e8ge Victor Hugo de Cachan. Vous pourrez y entendre des quatrains en octosyllabes, des acrostiches (lorsque les premi\u00e8res lettres de chaque vers forment un mot \u00e0 la verticale), des calligrammes (un po\u00e8me\u2026 <a class=\"continue-reading-link\" href=\"https:\/\/salle209.fr\/?page_id=456\">Continue reading<\/a><\/p>\n","protected":false},"author":1,"featured_media":0,"parent":394,"menu_order":3,"comment_status":"closed","ping_status":"closed","template":"","meta":{"_et_pb_use_builder":"off","_et_pb_old_content":"","_et_gb_content_width":"","footnotes":""},"_links":{"self":[{"href":"https:\/\/salle209.fr\/index.php?rest_route=\/wp\/v2\/pages\/456"}],"collection":[{"href":"https:\/\/salle209.fr\/index.php?rest_route=\/wp\/v2\/pages"}],"about":[{"href":"https:\/\/salle209.fr\/index.php?rest_route=\/wp\/v2\/types\/page"}],"author":[{"embeddable":true,"href":"https:\/\/salle209.fr\/index.php?rest_route=\/wp\/v2\/users\/1"}],"replies":[{"embeddable":true,"href":"https:\/\/salle209.fr\/index.php?rest_route=%2Fwp%2Fv2%2Fcomments&post=456"}],"version-history":[{"count":2,"href":"https:\/\/salle209.fr\/index.php?rest_route=\/wp\/v2\/pages\/456\/revisions"}],"predecessor-version":[{"id":461,"href":"https:\/\/salle209.fr\/index.php?rest_route=\/wp\/v2\/pages\/456\/revisions\/461"}],"up":[{"embeddable":true,"href":"https:\/\/salle209.fr\/index.php?rest_route=\/wp\/v2\/pages\/394"}],"wp:attachment":[{"href":"https:\/\/salle209.fr\/index.php?rest_route=%2Fwp%2Fv2%2Fmedia&parent=456"}],"curies":[{"name":"wp","href":"https:\/\/api.w.org\/{rel}","templated":true}]}}