{"id":524,"date":"2021-05-26T21:07:29","date_gmt":"2021-05-26T19:07:29","guid":{"rendered":"http:\/\/salle209.fr\/?page_id=524"},"modified":"2021-05-26T21:07:46","modified_gmt":"2021-05-26T19:07:46","slug":"balade-poetique-nature-le-gorille","status":"publish","type":"page","link":"https:\/\/salle209.fr\/?page_id=524","title":{"rendered":"Balade po\u00e9tique nature : le gorille"},"content":{"rendered":"<p>[et_pb_section fb_built=\u00a0\u00bb1&Prime; _builder_version=\u00a0\u00bb4.4.2&Prime;][et_pb_row column_structure=\u00a0\u00bb1_3,1_3,1_3&Prime; _builder_version=\u00a0\u00bb4.4.2&Prime;][et_pb_column type=\u00a0\u00bb1_3&Prime; _builder_version=\u00a0\u00bb4.4.2&Prime;][et_pb_audio audio=\u00a0\u00bbhttp:\/\/salle209.fr\/wp-content\/uploads\/2021\/05\/Gorille-H\u00e9lin-Im\u00e8ne.m4a\u00a0\u00bb _builder_version=\u00a0\u00bb4.4.2&Prime; hover_enabled=\u00a0\u00bb0&Prime;][\/et_pb_audio][\/et_pb_column][et_pb_column type=\u00a0\u00bb1_3&Prime; _builder_version=\u00a0\u00bb4.4.2&Prime;][et_pb_image src=\u00a0\u00bbhttp:\/\/salle209.fr\/wp-content\/uploads\/2021\/05\/IMG_8908-scaled.jpg\u00a0\u00bb _builder_version=\u00a0\u00bb4.4.2&Prime; hover_enabled=\u00a0\u00bb0&Prime;][\/et_pb_image][\/et_pb_column][et_pb_column type=\u00a0\u00bb1_3&Prime; _builder_version=\u00a0\u00bb4.4.2&Prime;][et_pb_text _builder_version=\u00a0\u00bb4.4.2&Prime;]<\/p>\n<p style=\"text-align: center;\" align=\"center\"><strong><span style=\"color: #99cc00;\">Bienvenue dans la promenade po\u00e9tique des 5\u00e8mesA et 4\u00e8mesD.<\/span><\/strong><o:p><\/o:p><\/p>\n<p style=\"text-align: justify;\">Vous pourrez y entendre des quatrains en octosyllabes, des acrostiches (lorsque les premi\u00e8res lettres de chaque vers forment un mot \u00e0 la verticale), des calligrammes (un po\u00e8me qui prend la forme de son th\u00e8me), des po\u00e8mes en avalanche (chaque vers contient un mot plus grand que le pr\u00e9c\u00e9dent), des slams.<o:p><\/o:p><\/p>\n<p>[\/et_pb_text][\/et_pb_column][\/et_pb_row][\/et_pb_section]<\/p>\n","protected":false},"excerpt":{"rendered":"<p>&#8230;<\/p>\n<p> <a class=\"continue-reading-link\" href=\"https:\/\/salle209.fr\/?page_id=524\">Continue reading<\/a><\/p>\n","protected":false},"author":1,"featured_media":0,"parent":456,"menu_order":0,"comment_status":"closed","ping_status":"closed","template":"","meta":{"_et_pb_use_builder":"on","_et_pb_old_content":"","_et_gb_content_width":"","footnotes":""},"_links":{"self":[{"href":"https:\/\/salle209.fr\/index.php?rest_route=\/wp\/v2\/pages\/524"}],"collection":[{"href":"https:\/\/salle209.fr\/index.php?rest_route=\/wp\/v2\/pages"}],"about":[{"href":"https:\/\/salle209.fr\/index.php?rest_route=\/wp\/v2\/types\/page"}],"author":[{"embeddable":true,"href":"https:\/\/salle209.fr\/index.php?rest_route=\/wp\/v2\/users\/1"}],"replies":[{"embeddable":true,"href":"https:\/\/salle209.fr\/index.php?rest_route=%2Fwp%2Fv2%2Fcomments&post=524"}],"version-history":[{"count":3,"href":"https:\/\/salle209.fr\/index.php?rest_route=\/wp\/v2\/pages\/524\/revisions"}],"predecessor-version":[{"id":531,"href":"https:\/\/salle209.fr\/index.php?rest_route=\/wp\/v2\/pages\/524\/revisions\/531"}],"up":[{"embeddable":true,"href":"https:\/\/salle209.fr\/index.php?rest_route=\/wp\/v2\/pages\/456"}],"wp:attachment":[{"href":"https:\/\/salle209.fr\/index.php?rest_route=%2Fwp%2Fv2%2Fmedia&parent=524"}],"curies":[{"name":"wp","href":"https:\/\/api.w.org\/{rel}","templated":true}]}}