{"id":95,"date":"2017-08-17T22:34:11","date_gmt":"2017-08-17T20:34:11","guid":{"rendered":"http:\/\/salle209.fr\/?page_id=95"},"modified":"2018-08-23T18:17:46","modified_gmt":"2018-08-23T16:17:46","slug":"accueil","status":"publish","type":"page","link":"https:\/\/salle209.fr\/","title":{"rendered":"Bienvenue"},"content":{"rendered":"<p><em>Bonjour \u00e0 tous,<\/em><\/p>\n<p><em>Ce site est destin\u00e9 aux \u00e9l\u00e8ves de Mme Porth\u00e9. Vous trouverez des ressources, des lectures, des exercices et vos \u0153uvres.<\/em><\/p>\n<p><em>Bonne visite et bonne ann\u00e9e de fran\u00e7ais.<\/em><\/p>\n<p><img loading=\"lazy\" decoding=\"async\" class=\" wp-image-124 alignnone\" src=\"http:\/\/salle209.fr\/wp-content\/uploads\/2018\/08\/Coop\u00e9ration-1-300x192.jpg\" alt=\"\" width=\"311\" height=\"199\" srcset=\"https:\/\/salle209.fr\/wp-content\/uploads\/2018\/08\/Coop\u00e9ration-1-300x192.jpg 300w, https:\/\/salle209.fr\/wp-content\/uploads\/2018\/08\/Coop\u00e9ration-1-150x96.jpg 150w, https:\/\/salle209.fr\/wp-content\/uploads\/2018\/08\/Coop\u00e9ration-1.jpg 451w\" sizes=\"(max-width: 311px) 100vw, 311px\" \/>\u00a0\u00a0\u00a0 <img loading=\"lazy\" decoding=\"async\" class=\"size-medium wp-image-123 alignnone\" src=\"http:\/\/salle209.fr\/wp-content\/uploads\/2018\/08\/Coop\u00e9ration-2-300x214.jpg\" alt=\"\" width=\"300\" height=\"214\" srcset=\"https:\/\/salle209.fr\/wp-content\/uploads\/2018\/08\/Coop\u00e9ration-2-300x214.jpg 300w, https:\/\/salle209.fr\/wp-content\/uploads\/2018\/08\/Coop\u00e9ration-2-150x107.jpg 150w, https:\/\/salle209.fr\/wp-content\/uploads\/2018\/08\/Coop\u00e9ration-2.jpg 364w\" sizes=\"(max-width: 300px) 100vw, 300px\" \/><\/p>\n<p><img loading=\"lazy\" decoding=\"async\" class=\" wp-image-122 alignnone\" src=\"http:\/\/salle209.fr\/wp-content\/uploads\/2018\/08\/Coop\u00e9ration-3-300x195.jpg\" alt=\"\" width=\"317\" height=\"206\" srcset=\"https:\/\/salle209.fr\/wp-content\/uploads\/2018\/08\/Coop\u00e9ration-3-300x195.jpg 300w, https:\/\/salle209.fr\/wp-content\/uploads\/2018\/08\/Coop\u00e9ration-3-400x261.jpg 400w, https:\/\/salle209.fr\/wp-content\/uploads\/2018\/08\/Coop\u00e9ration-3-150x98.jpg 150w, https:\/\/salle209.fr\/wp-content\/uploads\/2018\/08\/Coop\u00e9ration-3.jpg 401w\" sizes=\"(max-width: 317px) 100vw, 317px\" \/>\u00a0\u00a0\u00a0 <img loading=\"lazy\" decoding=\"async\" class=\" wp-image-121 alignnone\" src=\"http:\/\/salle209.fr\/wp-content\/uploads\/2018\/08\/Coop\u00e9ration-4.jpg\" alt=\"\" width=\"262\" height=\"216\" srcset=\"https:\/\/salle209.fr\/wp-content\/uploads\/2018\/08\/Coop\u00e9ration-4.jpg 293w, https:\/\/salle209.fr\/wp-content\/uploads\/2018\/08\/Coop\u00e9ration-4-150x124.jpg 150w\" sizes=\"(max-width: 262px) 100vw, 262px\" \/><\/p>\n<p>&nbsp;<\/p>\n<p><img loading=\"lazy\" decoding=\"async\" class=\"size-medium wp-image-120 alignnone\" src=\"http:\/\/salle209.fr\/wp-content\/uploads\/2018\/08\/Coop\u00e9ration-5-300x203.jpg\" alt=\"\" width=\"300\" height=\"203\" srcset=\"https:\/\/salle209.fr\/wp-content\/uploads\/2018\/08\/Coop\u00e9ration-5-300x203.jpg 300w, https:\/\/salle209.fr\/wp-content\/uploads\/2018\/08\/Coop\u00e9ration-5-150x101.jpg 150w, https:\/\/salle209.fr\/wp-content\/uploads\/2018\/08\/Coop\u00e9ration-5.jpg 506w\" sizes=\"(max-width: 300px) 100vw, 300px\" \/><\/p>\n","protected":false},"excerpt":{"rendered":"<p>Bonjour \u00e0 tous, Ce site est destin\u00e9 aux \u00e9l\u00e8ves de Mme Porth\u00e9. Vous trouverez des ressources, des lectures, des exercices et vos \u0153uvres. Bonne visite et bonne ann\u00e9e de fran\u00e7ais. \u00a0\u00a0\u00a0 \u00a0\u00a0\u00a0 &nbsp; <a class=\"continue-reading-link\" href=\"https:\/\/salle209.fr\/\">Continue reading<\/a><\/p>\n","protected":false},"author":1,"featured_media":0,"parent":0,"menu_order":0,"comment_status":"closed","ping_status":"closed","template":"","meta":{"_et_pb_use_builder":"","_et_pb_old_content":"","_et_gb_content_width":"","footnotes":""},"_links":{"self":[{"href":"https:\/\/salle209.fr\/index.php?rest_route=\/wp\/v2\/pages\/95"}],"collection":[{"href":"https:\/\/salle209.fr\/index.php?rest_route=\/wp\/v2\/pages"}],"about":[{"href":"https:\/\/salle209.fr\/index.php?rest_route=\/wp\/v2\/types\/page"}],"author":[{"embeddable":true,"href":"https:\/\/salle209.fr\/index.php?rest_route=\/wp\/v2\/users\/1"}],"replies":[{"embeddable":true,"href":"https:\/\/salle209.fr\/index.php?rest_route=%2Fwp%2Fv2%2Fcomments&post=95"}],"version-history":[{"count":6,"href":"https:\/\/salle209.fr\/index.php?rest_route=\/wp\/v2\/pages\/95\/revisions"}],"predecessor-version":[{"id":130,"href":"https:\/\/salle209.fr\/index.php?rest_route=\/wp\/v2\/pages\/95\/revisions\/130"}],"wp:attachment":[{"href":"https:\/\/salle209.fr\/index.php?rest_route=%2Fwp%2Fv2%2Fmedia&parent=95"}],"curies":[{"name":"wp","href":"https:\/\/api.w.org\/{rel}","templated":true}]}}